{"id":72,"date":"2024-10-15T01:32:54","date_gmt":"2024-10-14T23:32:54","guid":{"rendered":"https:\/\/rentalista.pl\/?post_type=product&#038;p=72"},"modified":"2026-03-28T02:26:27","modified_gmt":"2026-03-28T01:26:27","slug":"glebogryzarka","status":"publish","type":"product","link":"https:\/\/rentalista.pl\/?product=glebogryzarka","title":{"rendered":"Glebogryzarka"},"content":{"rendered":"<p>Glebogryzarka spalinowa Mac 625EXI 60 cm<br \/>\nKaucja zwrotna -100z\u0142<br \/>\nProfesjonalna glebogryzarka z nap\u0119dem, do ci\u0119\u017ckich prac w przydomowych ogrodach.<br \/>\nPraca w ogrodzie wi\u0105\u017ce si\u0119 z ci\u0119\u017ck\u0105 prac\u0105, ale nie zawsze. Ju\u017c dzi\u015b mo\u017cesz to zmieni\u0107 dzi\u0119ki profesjonalnej glebogryzarce kt\u00f3ra wykona za ciebie wi\u0119kszo\u015b\u0107 ci\u0119\u017ckiej pracy i doprowadzi tw\u00f3j ogr\u00f3d do takiego stanu jakiego oczekujesz.<br \/>\nGlebogryzarka idealnie sprawdza si\u0119 w przydomowych warzywnikach jak r\u00f3wnie\u017c przy zak\u0142adaniu trawnik\u00f3w.<br \/>\nDzi\u0119ki nap\u0119dowi i zastosowaniu k\u00f3\u0142 metalowych dojedzie nawet w bardzo ci\u0119\u017cki teren.<br \/>\nW maszynie zastosowano unikalny system pracy no\u017cy roboczych.<br \/>\nNo\u017ce zewn\u0119trzne obracaj\u0105 si\u0119 w kierunku przeciwnym do wewn\u0119trznych, dzi\u0119ki czemu ziemia jest lepiej wymieszana i spulchniona.<br \/>\nKompaktowe rozmiary i sk\u0142adana r\u0105czka sprawia \u017ce \u015bmia\u0142o wejdzie do baga\u017cnika niemal\u017ce ka\u017cdego samochodu.<br \/>\nGliwice-\u017berniki<br \/>\nCzynne 7dni w tygodniu od godz 10 do 20<\/p>\n","protected":false},"excerpt":{"rendered":"<p>Glebogryzarka spalinowa Mac 625EXI 60 cm Kaucja zwrotna -100z\u0142 Profesjonalna glebogryzarka z nap\u0119dem, do ci\u0119\u017ckich prac w przydomowych ogrodach. Praca w ogrodzie wi\u0105\u017ce si\u0119 z ci\u0119\u017ck\u0105 prac\u0105, ale nie zawsze. Ju\u017c dzi\u015b mo\u017cesz to zmieni\u0107 dzi\u0119ki profesjonalnej glebogryzarce kt\u00f3ra wykona za ciebie wi\u0119kszo\u015b\u0107 ci\u0119\u017ckiej pracy i doprowadzi tw\u00f3j ogr\u00f3d do takiego stanu jakiego oczekujesz. Glebogryzarka [&hellip;]<\/p>\n","protected":false},"featured_media":73,"template":"","meta":[],"product_brand":[],"product_cat":[17],"product_tag":[],"class_list":{"0":"post-72","1":"product","2":"type-product","3":"status-publish","4":"has-post-thumbnail","6":"product_cat-ogrod","8":"first","9":"instock","10":"purchasable","11":"product-type-simple"},"jetpack_sharing_enabled":true,"_links":{"self":[{"href":"https:\/\/rentalista.pl\/index.php?rest_route=\/wp\/v2\/product\/72","targetHints":{"allow":["GET"]}}],"collection":[{"href":"https:\/\/rentalista.pl\/index.php?rest_route=\/wp\/v2\/product"}],"about":[{"href":"https:\/\/rentalista.pl\/index.php?rest_route=\/wp\/v2\/types\/product"}],"wp:featuredmedia":[{"embeddable":true,"href":"https:\/\/rentalista.pl\/index.php?rest_route=\/wp\/v2\/media\/73"}],"wp:attachment":[{"href":"https:\/\/rentalista.pl\/index.php?rest_route=%2Fwp%2Fv2%2Fmedia&parent=72"}],"wp:term":[{"taxonomy":"product_brand","embeddable":true,"href":"https:\/\/rentalista.pl\/index.php?rest_route=%2Fwp%2Fv2%2Fproduct_brand&post=72"},{"taxonomy":"product_cat","embeddable":true,"href":"https:\/\/rentalista.pl\/index.php?rest_route=%2Fwp%2Fv2%2Fproduct_cat&post=72"},{"taxonomy":"product_tag","embeddable":true,"href":"https:\/\/rentalista.pl\/index.php?rest_route=%2Fwp%2Fv2%2Fproduct_tag&post=72"}],"curies":[{"name":"wp","href":"https:\/\/api.w.org\/{rel}","templated":true}]}}